
{"id":13,"date":"2016-03-30T15:45:44","date_gmt":"2016-03-30T13:45:44","guid":{"rendered":"http:\/\/przedszkole90.edu.wroclaw.pl\/?page_id=13"},"modified":"2026-03-09T09:55:37","modified_gmt":"2026-03-09T08:55:37","slug":"strona-glowna","status":"publish","type":"page","link":"https:\/\/przedszkole90.edu.wroclaw.pl\/","title":{"rendered":"Strona g\u0142\u00f3wna"},"content":{"rendered":"<div class=\"wpb-content-wrapper\"><p>[vc_row row_head_color=&#8221;#575656&#8243;][vc_column text_align=&#8221;center&#8221; offset=&#8221;vc_col-lg-6 vc_col-md-12 vc_col-xs-12&#8243;][vc_column_text]<\/p>\n<h2 style=\"color: #754400;font-size: 24px\"><span style=\"color: #b85c00\">O Przedszkolu nr 90<\/span><\/h2>\n<p>[\/vc_column_text][vc_separator color=&#8221;custom&#8221; align=&#8221;align_left&#8221; border_width=&#8221;4&#8243; el_width=&#8221;50&#8243; custom_sparator_width=&#8221;155px&#8221; accent_color=&#8221;#b85c00&#8243;][vc_empty_space height=&#8221;35px&#8221;][vc_column_text css=&#8221;&#8221;]<\/p>\n<p data-start=\"111\" data-end=\"454\">Witamy w przyjaznym i nowoczesnym przedszkolu po\u0142o\u017conym w zielonej cz\u0119\u015bci dzielnicy <span class=\"hover:entity-accent entity-underline inline cursor-pointer align-baseline\"><span class=\"whitespace-normal\">Krzyki<\/span><\/span> we <span class=\"hover:entity-accent entity-underline inline cursor-pointer align-baseline\"><span class=\"whitespace-normal\">Wroc\u0142awiu, przy zbiegu ulic: Gajowickiej i Zaporoskiej.<\/span><\/span><\/p>\n<p data-start=\"111\" data-end=\"454\">Tworzymy miejsce, w kt\u00f3rym dzieci czuj\u0105 si\u0119 bezpiecznie, swobodnie i rado\u015bnie, a ka\u017cdy dzie\u0144 jest okazj\u0105 do odkrywania \u015bwiata, rozwijania pasji i budowania pierwszych przyja\u017ani.<\/p>\n<p data-start=\"456\" data-end=\"771\">Otaczamy dzieci trosk\u0105, inspirujemy do dzia\u0142ania i wspieramy ich wszechstronny rozw\u00f3j \u2013<br \/>\nw blisko\u015bci natury, z dost\u0119pem do w\u0142asnego ogrodu oraz w atmosferze szacunku i zaufania. Szczeg\u00f3ln\u0105 uwag\u0119 przyk\u0142adamy do zdrowego \u017cywienia, aktywno\u015bci ruchowej oraz rozwijania mi\u0142o\u015bci do ksi\u0105\u017cek i czytania od najm\u0142odszych lat.<\/p>\n<p data-start=\"456\" data-end=\"771\"><strong><span class=\"a_GcMg font-feature-liga-off font-feature-clig-off font-feature-calt-off text-decoration-none text-strikethrough-none\">\u201cCzytamy z pasj\u0105 od najm\u0142odszych lat &#8211;<\/span> <span class=\"a_GcMg font-feature-liga-off font-feature-clig-off font-feature-calt-off text-decoration-none text-strikethrough-none\">z ksi\u0105\u017ck\u0105 odwa\u017cnie ruszamy w \u015bwiat !\u201d<\/span><\/strong><\/p>\n<p data-start=\"773\" data-end=\"963\" data-is-last-node=\"\" data-is-only-node=\"\">Zapraszamy do poznania naszego przedszkola bli\u017cej \u2013 odkryj sale, ogr\u00f3d i codzienn\u0105 przestrze\u0144 dzieci\u0119cej rado\u015bci.<br data-start=\"886\" data-end=\"889\" \/><span style=\"font-size: 20px\"><strong data-start=\"892\" data-end=\"952\">Serdecznie zapraszamy na<\/strong><span data-start=\"892\" data-end=\"952\">:<br \/>\n<\/span><\/span><span style=\"font-size: 20px\"><strong><a href=\"https:\/\/youtu.be\/-SKBWo3HERs\">Wirtualny spacer po Przedszkolu nr 90 we Wroc\u0142awiu.<\/a><\/strong><\/span>[\/vc_column_text][vc_empty_space][\/vc_column][vc_column text_align=&#8221;center&#8221; offset=&#8221;vc_col-lg-6 vc_col-md-12 vc_col-xs-12&#8243;][vc_wp_text]<\/p>\n<p>&nbsp;<\/p>\n<p>&nbsp;<\/p>\n<p>&nbsp;<\/p>\n<p>&nbsp;<\/p>\n<p>&nbsp;<\/p>\n<p><img loading=\"lazy\" decoding=\"async\" class=\"wp-image-4639 aligncenter\" src=\"https:\/\/przedszkole90.edu.wroclaw.pl\/wp-content\/uploads\/sites\/20\/2026\/02\/IMG-20260223-WA0004-1024x576.jpg\" alt=\"\" width=\"523\" height=\"294\" srcset=\"https:\/\/przedszkole90.edu.wroclaw.pl\/wp-content\/uploads\/sites\/20\/2026\/02\/IMG-20260223-WA0004-1024x576.jpg 1024w, https:\/\/przedszkole90.edu.wroclaw.pl\/wp-content\/uploads\/sites\/20\/2026\/02\/IMG-20260223-WA0004-300x169.jpg 300w, https:\/\/przedszkole90.edu.wroclaw.pl\/wp-content\/uploads\/sites\/20\/2026\/02\/IMG-20260223-WA0004-768x432.jpg 768w, https:\/\/przedszkole90.edu.wroclaw.pl\/wp-content\/uploads\/sites\/20\/2026\/02\/IMG-20260223-WA0004-1536x864.jpg 1536w, https:\/\/przedszkole90.edu.wroclaw.pl\/wp-content\/uploads\/sites\/20\/2026\/02\/IMG-20260223-WA0004.jpg 2048w\" sizes=\"auto, (max-width: 523px) 100vw, 523px\" \/>[\/vc_wp_text][\/vc_column][\/vc_row][vc_row row_head_color=&#8221;#ffffff&#8221; row_link_color=&#8221;#ffffff&#8221; row_link_color_hover=&#8221;#eded02&#8243; bg_style=&#8221;img_fixed&#8221; overlay_row=&#8221;yes&#8221; css=&#8221;.vc_custom_1613048153181{background-position: center !important;background-repeat: no-repeat !important;background-size: cover !important;}&#8221; overlay_color=&#8221;#dd9933&#8243; overlay_opacity=&#8221;0.9&#8243;][vc_column width=&#8221;1\/4&#8243;][vc_column_text css=&#8221;.vc_custom_1613114383460{background-color: #e73a33 !important;}&#8221;]<\/p>\n<h2 style=\"margin: auto;padding: 40px;color: #dd9933;font-size: 24px;text-align: center\"><a style=\"color: white\" href=\"?cat=2\">Aktualno\u015bci<\/a><\/h2>\n<p>[\/vc_column_text][\/vc_column][vc_column width=&#8221;1\/4&#8243;][vc_column_text css=&#8221;.vc_custom_1772056984884{background-color: #0099d6 !important;}&#8221;]<\/p>\n<h2 style=\"margin: auto;padding-top: 40px;padding-bottom: 40px;color: #dd9933;font-size: 24px;text-align: center\"><a style=\"color: white\" href=\"https:\/\/www.instagram.com\/przedszkole90wroclaw?igsh=MTIzajRyaWNqZWxpMg==\">Znajd\u017a nas Instagramie<\/a><\/h2>\n<p>[\/vc_column_text][\/vc_column][vc_column width=&#8221;1\/4&#8243;][vc_column_text css=&#8221;.vc_custom_1773046535727{background-color: #80a000 !important;}&#8221;]<\/p>\n<h2 style=\"margin: auto;padding-top: 40px;padding-bottom: 40px;color: #dd9933;font-size: 24px;text-align: center\"><span style=\"font-size: 24px\"><a style=\"color: white\" href=\"https:\/\/przedszkole90.edu.wroclaw.pl\/index.php\/programy-i-projekty\/\">\u00a0Dzia\u0142amy!<\/a><\/span><\/h2>\n<p>[\/vc_column_text][\/vc_column][vc_column width=&#8221;1\/4&#8243;][vc_column_text css=&#8221;.vc_custom_1613124880536{background-color: #754400 !important;}&#8221;]<\/p>\n<h2 style=\"margin: auto;padding: 20px;color: #dd9933;font-size: 24px;text-align: center\"><a style=\"color: white\" href=\"https:\/\/drive.google.com\/drive\/u\/1\/folders\/1Ny94_zJMyUIkGCyG6r94Zjd1wrmBYDjY\">Zasady przetwarzania danych<\/a><\/h2>\n<p>[\/vc_column_text][\/vc_column][\/vc_row][vc_row row_head_color=&#8221;#575656&#8243;][vc_column text_align=&#8221;center&#8221; offset=&#8221;vc_col-lg-6 vc_col-md-6 vc_col-xs-12&#8243;][vc_column_text]<\/p>\n<h2 style=\"color: #754400;font-size: 24px\"><span style=\"color: #b85c00\">Zaplecze<\/span><\/h2>\n<p>[\/vc_column_text][vc_separator color=&#8221;custom&#8221; align=&#8221;align_left&#8221; border_width=&#8221;4&#8243; el_width=&#8221;50&#8243; custom_sparator_width=&#8221;155px&#8221; accent_color=&#8221;#b85c00&#8243;][vc_column_text css=&#8221;&#8221;]<\/p>\n<p style=\"text-align: left\">Przedszkole mie\u015bci si\u0119 w budynku wolno-stoj\u0105cym, parterowym. Wok\u00f3\u0142 budynku du\u017cy, zadbany ogr\u00f3d przedszkolny z podzia\u0142em na cz\u0119\u015b\u0107 rekreacyjn\u0105 oraz cz\u0119\u015b\u0107 botaniczn\u0105. W cz\u0119\u015bci rekreacyjnej, do dyspozycji dzieci jest: plac zabaw ze sprz\u0119tami zabawowymi, mini-boisko, \u015bcie\u017cka zdrowia. W cz\u0119\u015bci botanicznej: k\u0105cik do bezpo\u015bredniej obserwacji przyrody, ciekawe okazy ro\u015blin i krzew\u00f3w. Brak miejsc parkingowych, ale mo\u017cna parkowa\u0107 na chodniku wzd\u0142u\u017c posesji nale\u017c\u0105cej do przedszkola.<\/p>\n<p style=\"text-align: left\">Przedszkole przygotowane jest na przyj\u0119cie 100 dzieci w czterech grupach wiekowych.<\/p>\n<p><a href=\"https:\/\/przedszkole90.edu.wroclaw.pl\/index.php\/2982-2\/\">Deklaracja dost\u0119pno\u015bci &#8211; aktualizacja 30.03.2023<\/a><\/p>\n<p><a href=\"https:\/\/przedszkole90.edu.wroclaw.pl\/wp-content\/uploads\/sites\/20\/2021\/03\/Raport-o-stanie-zapewnienia-dostepnosci-podmiotu-publicznego.pdf\">Raport o stanie zapewnienia dost\u0119pno\u015bci podmiotu publicznego &#8211; plik PDF<\/a><\/p>\n<p><a href=\"https:\/\/przedszkole90.edu.wroclaw.pl\/wp-content\/uploads\/sites\/20\/2024\/11\/Polityka-ochrony-w-Przedszkolu-nr-90-2024-\u2013-Plik-PDF.pdf\">Polityka ochrony w Przedszkolu nr 90 2024 \u2013 Plik PDF<\/a>[\/vc_column_text][\/vc_column][vc_column text_align=&#8221;center&#8221; offset=&#8221;vc_col-lg-6 vc_col-md-12 vc_col-xs-12&#8243;][vc_wp_text]<img loading=\"lazy\" decoding=\"async\" class=\"alignnone wp-image-4622\" src=\"https:\/\/przedszkole90.edu.wroclaw.pl\/wp-content\/uploads\/sites\/20\/2026\/02\/260220_Przedszkole90_10-1024x768.jpg\" alt=\"\" width=\"507\" height=\"380\" srcset=\"https:\/\/przedszkole90.edu.wroclaw.pl\/wp-content\/uploads\/sites\/20\/2026\/02\/260220_Przedszkole90_10-1024x768.jpg 1024w, https:\/\/przedszkole90.edu.wroclaw.pl\/wp-content\/uploads\/sites\/20\/2026\/02\/260220_Przedszkole90_10-300x225.jpg 300w, https:\/\/przedszkole90.edu.wroclaw.pl\/wp-content\/uploads\/sites\/20\/2026\/02\/260220_Przedszkole90_10-768x576.jpg 768w, https:\/\/przedszkole90.edu.wroclaw.pl\/wp-content\/uploads\/sites\/20\/2026\/02\/260220_Przedszkole90_10-1536x1152.jpg 1536w, https:\/\/przedszkole90.edu.wroclaw.pl\/wp-content\/uploads\/sites\/20\/2026\/02\/260220_Przedszkole90_10-2048x1536.jpg 2048w\" sizes=\"auto, (max-width: 507px) 100vw, 507px\" \/>[\/vc_wp_text][vc_separator align=&#8221;right&#8221;][\/vc_column][\/vc_row]<\/p>\n<\/div>","protected":false},"excerpt":{"rendered":"<p>[vc_row row_head_color=&#8221;#575656&#8243;][vc_column text_align=&#8221;center&#8221; offset=&#8221;vc_col-lg-6 vc_col-md-12 vc_col-xs-12&#8243;][vc_column_text] O Przedszkolu nr 90 [\/vc_column_text][vc_separator color=&#8221;custom&#8221; align=&#8221;align_left&#8221; border_width=&#8221;4&#8243; el_width=&#8221;50&#8243; custom_sparator_width=&#8221;155px&#8221; accent_color=&#8221;#b85c00&#8243;][vc_empty_space height=&#8221;35px&#8221;][vc_column_text css=&#8221;&#8221;] Witamy w przyjaznym i nowoczesnym przedszkolu po\u0142o\u017conym w zielonej cz\u0119\u015bci dzielnicy [&hellip;]<\/p>\n","protected":false},"author":7,"featured_media":0,"parent":0,"menu_order":0,"comment_status":"closed","ping_status":"closed","template":"","meta":{"footnotes":""},"class_list":["post-13","page","type-page","status-publish","hentry","clearfix"],"_links":{"self":[{"href":"https:\/\/przedszkole90.edu.wroclaw.pl\/index.php\/wp-json\/wp\/v2\/pages\/13","targetHints":{"allow":["GET"]}}],"collection":[{"href":"https:\/\/przedszkole90.edu.wroclaw.pl\/index.php\/wp-json\/wp\/v2\/pages"}],"about":[{"href":"https:\/\/przedszkole90.edu.wroclaw.pl\/index.php\/wp-json\/wp\/v2\/types\/page"}],"author":[{"embeddable":true,"href":"https:\/\/przedszkole90.edu.wroclaw.pl\/index.php\/wp-json\/wp\/v2\/users\/7"}],"replies":[{"embeddable":true,"href":"https:\/\/przedszkole90.edu.wroclaw.pl\/index.php\/wp-json\/wp\/v2\/comments?post=13"}],"version-history":[{"count":105,"href":"https:\/\/przedszkole90.edu.wroclaw.pl\/index.php\/wp-json\/wp\/v2\/pages\/13\/revisions"}],"predecessor-version":[{"id":4691,"href":"https:\/\/przedszkole90.edu.wroclaw.pl\/index.php\/wp-json\/wp\/v2\/pages\/13\/revisions\/4691"}],"wp:attachment":[{"href":"https:\/\/przedszkole90.edu.wroclaw.pl\/index.php\/wp-json\/wp\/v2\/media?parent=13"}],"curies":[{"name":"wp","href":"https:\/\/api.w.org\/{rel}","templated":true}]}}