
{"id":272,"date":"2016-05-04T08:16:34","date_gmt":"2016-05-04T06:16:34","guid":{"rendered":"https:\/\/przedszkole90.edu.wroclaw.pl\/?page_id=272"},"modified":"2026-03-02T11:22:59","modified_gmt":"2026-03-02T10:22:59","slug":"o-nas-2","status":"publish","type":"page","link":"https:\/\/przedszkole90.edu.wroclaw.pl\/index.php\/o-nas-2\/","title":{"rendered":"O nas"},"content":{"rendered":"<div class=\"wpb-content-wrapper\"><p>[vc_row][vc_column width=&#8221;1\/2&#8243;][vc_wp_text]<\/p>\n<p data-start=\"280\" data-end=\"578\">Nasze przedszkole znajduje si\u0119 w dzielnicy <span class=\"hover:entity-accent entity-underline inline cursor-pointer align-baseline\"><span class=\"whitespace-normal\">Krzyki<\/span><\/span> we <span class=\"hover:entity-accent entity-underline inline cursor-pointer align-baseline\"><span class=\"whitespace-normal\">Wroc\u0142awiu<\/span><\/span>, przy zbiegu ulic Gajowickiej i Zaporoskiej. Mie\u015bci si\u0119 w parterowym, wolno stoj\u0105cym budynku otoczonym du\u017cym, zadrzewionym ogrodem \u2013 prawdziw\u0105 oaz\u0105 zieleni w \u015brodku miasta.<\/p>\n<p data-start=\"580\" data-end=\"767\">Ogr\u00f3d podzielony jest na cz\u0119\u015b\u0107 rekreacyjn\u0105 (plac zabaw, mini-boisko, \u015bcie\u017cka zdrowia) oraz cz\u0119\u015b\u0107 botaniczn\u0105, kt\u00f3ra umo\u017cliwia dzieciom bezpo\u015bredni kontakt z przyrod\u0105 i obserwacj\u0119 ciekawych gatunk\u00f3w ro\u015blin.<\/p>\n<p data-start=\"580\" data-end=\"767\">Brak miejsc parkingowych, ale mo\u017cna parkowa\u0107 na chodniku wzd\u0142u\u017c posesji nale\u017c\u0105cej do przedszkola.<\/p>\n<p data-start=\"769\" data-end=\"1053\">Plac\u00f3wka przygotowana jest na przyj\u0119cie 100 dzieci w czterech grupach wiekowych. Oferujemy zaj\u0119cia dodatkowe: taniec, plastyk\u0119, pi\u0142k\u0119 no\u017cn\u0105 oraz eksperymenty. Nad rozwojem dzieci czuwa wysoko wykwalifikowana kadra pedagogiczna oraz specjali\u015bci: logopeda, psycholog i pedagodzy.<\/p>\n<p data-start=\"1055\" data-end=\"1247\">Posiadamy w\u0142asn\u0105 kuchni\u0119 (z mo\u017cliwo\u015bci\u0105 diet), klimatyzowane sale oraz Certyfikat Zdrowego i Racjonalnego \u017bywienia przyznany w 2025 roku przez Wydzia\u0142 Zdrowia Urz\u0119du Miejskiego we Wroc\u0142awiu.<\/p>\n<p data-start=\"1249\" data-end=\"1387\">Rozwijamy kompetencje czytelnicze i mi\u0142o\u015b\u0107 do ksi\u0105\u017cek.<br data-start=\"1303\" data-end=\"1306\" \/><strong data-start=\"1306\" data-end=\"1385\">\u201eCzytamy z pasj\u0105 od najm\u0142odszych lat \u2013 z ksi\u0105\u017ck\u0105 odwa\u017cnie ruszamy w \u015bwiat!\u201d<\/strong><\/p>\n<p>[\/vc_wp_text][vc_wp_text][\/vc_wp_text][\/vc_column][vc_column width=&#8221;1\/2&#8243;][vc_wp_text]<img loading=\"lazy\" decoding=\"async\" class=\"wp-image-1161 aligncenter\" src=\"https:\/\/przedszkole90.edu.wroclaw.pl\/wp-content\/uploads\/sites\/20\/2016\/05\/057_DSC2620-300x200.jpg\" alt=\"\" width=\"779\" height=\"520\" srcset=\"https:\/\/przedszkole90.edu.wroclaw.pl\/wp-content\/uploads\/sites\/20\/2016\/05\/057_DSC2620-300x200.jpg 300w, https:\/\/przedszkole90.edu.wroclaw.pl\/wp-content\/uploads\/sites\/20\/2016\/05\/057_DSC2620-768x512.jpg 768w, https:\/\/przedszkole90.edu.wroclaw.pl\/wp-content\/uploads\/sites\/20\/2016\/05\/057_DSC2620-1024x683.jpg 1024w, https:\/\/przedszkole90.edu.wroclaw.pl\/wp-content\/uploads\/sites\/20\/2016\/05\/057_DSC2620-600x400.jpg 600w, https:\/\/przedszkole90.edu.wroclaw.pl\/wp-content\/uploads\/sites\/20\/2016\/05\/057_DSC2620-624x416.jpg 624w, https:\/\/przedszkole90.edu.wroclaw.pl\/wp-content\/uploads\/sites\/20\/2016\/05\/057_DSC2620.jpg 2048w\" sizes=\"auto, (max-width: 779px) 100vw, 779px\" \/>[\/vc_wp_text][\/vc_column][\/vc_row][vc_row row_head_color=&#8221;#ffffff&#8221; row_link_color=&#8221;#ffffff&#8221; row_link_color_hover=&#8221;#eded02&#8243; bg_style=&#8221;img_fixed&#8221; overlay_row=&#8221;yes&#8221; css=&#8221;.vc_custom_1613114819876{background-position: center !important;background-repeat: no-repeat !important;background-size: cover !important;}&#8221; overlay_color=&#8221;#dd9933&#8243; overlay_opacity=&#8221;0.9&#8243;][vc_column][vc_row_inner el_class=&#8221;#cshero-footer-top&#8221;][vc_column_inner width=&#8221;1\/3&#8243; animation=&#8221;fade-in&#8221; font_color=&#8221;#ffffff&#8221;][vc_icon icon_fontawesome=&#8221;fas fa-book-open&#8221; color=&#8221;custom&#8221; background_style=&#8221;rounded&#8221; size=&#8221;xl&#8221; align=&#8221;center&#8221; link=&#8221;url:https%3A%2F%2Fprzedszkole90.edu.wroclaw.pl%2Fwp-content%2Fuploads%2Fsites%2F20%2F2019%2F11%2Fstatut-przedszkola-Wrzesie%C5%84-2019.pdf|title:Statut&#8221; custom_color=&#8221;#754400&#8243;][vc_column_text]<\/p>\n<h2 style=\"text-align: center\"><a style=\"color: #444444\" href=\"https:\/\/przedszkole90.edu.wroclaw.pl\/wp-content\/uploads\/sites\/20\/2024\/03\/statut-przedszkola-Wrzesien-2023.pdf\">Statut<\/a><\/h2>\n<p>[\/vc_column_text][\/vc_column_inner][vc_column_inner width=&#8221;1\/3&#8243; animation=&#8221;fade-in&#8221;][vc_icon icon_fontawesome=&#8221;fas fa-users&#8221; color=&#8221;custom&#8221; background_style=&#8221;rounded&#8221; size=&#8221;xl&#8221; align=&#8221;center&#8221; link=&#8221;url:https%3A%2F%2Fprzedszkole90.edu.wroclaw.pl%2F%3Fpage_id%3D310|title:Kadra&#8221; custom_color=&#8221;#754400&#8243;][vc_column_text]<\/p>\n<h2 style=\"text-align: center\"><a style=\"color: #444444\" href=\"https:\/\/przedszkole90.edu.wroclaw.pl\/?page_id=310\">Kadra<\/a><\/h2>\n<p>[\/vc_column_text][\/vc_column_inner][vc_column_inner width=&#8221;1\/3&#8243; animation=&#8221;fade-in&#8221;][vc_icon icon_fontawesome=&#8221;fas fa-calendar-alt&#8221; color=&#8221;custom&#8221; background_style=&#8221;rounded&#8221; size=&#8221;xl&#8221; align=&#8221;center&#8221; link=&#8221;url:http%3A%2F%2Fprzedszkole90.edu.wroclaw.pl%2Fwp-content%2Fuploads%2Fsites%2F20%2F2016%2F04%2FRamowy-rozk%C5%82ad-dnia.pdf|title:Ramowy%20rozk%C5%82ad%20dnia&#8221; custom_color=&#8221;#754400&#8243;][vc_column_text]<\/p>\n<h2 style=\"text-align: center\"><a style=\"color: #444444\" href=\"https:\/\/przedszkole90.edu.wroclaw.pl\/wp-content\/uploads\/sites\/20\/2024\/03\/Ramowy-rozklad-dnia.pdf\">Ramowy rozk\u0142ad dnia<\/a><\/h2>\n<p>[\/vc_column_text][\/vc_column_inner][\/vc_row_inner][vc_row_inner el_class=&#8221;#cshero-footer-top&#8221;][vc_column_inner width=&#8221;1\/3&#8243; animation=&#8221;fade-in&#8221; font_color=&#8221;#ffffff&#8221;][vc_icon icon_fontawesome=&#8221;fas fa-comments&#8221; color=&#8221;custom&#8221; background_style=&#8221;rounded&#8221; size=&#8221;xl&#8221; align=&#8221;center&#8221; link=&#8221;url:%2F%3Fpage_id%3D111|title:Nasze%20grupy&#8221; custom_color=&#8221;#754400&#8243;][vc_column_text]<\/p>\n<h2 style=\"text-align: center\"><a style=\"color: #444444\" href=\"\/?page_id=111\">Nasze grupy<\/a><\/h2>\n<p>[\/vc_column_text][\/vc_column_inner][vc_column_inner width=&#8221;1\/3&#8243; animation=&#8221;fade-in&#8221;][vc_icon icon_fontawesome=&#8221;fas fa-trophy&#8221; color=&#8221;custom&#8221; background_style=&#8221;rounded&#8221; size=&#8221;xl&#8221; align=&#8221;center&#8221; link=&#8221;url:%2F%3Fpage_id%3D314|title:Sukcesy%20Przedszkola&#8221; custom_color=&#8221;#754400&#8243;][vc_column_text css=&#8221;&#8221;]<\/p>\n<h2 style=\"text-align: center\"><a style=\"color: #444444\" href=\"\/?page_id=314\">Sukcesy przedszkola<\/a><\/h2>\n<p>[\/vc_column_text][\/vc_column_inner][vc_column_inner width=&#8221;1\/3&#8243; animation=&#8221;fade-in&#8221;][vc_icon icon_fontawesome=&#8221;fas fa-magic&#8221; color=&#8221;custom&#8221; background_style=&#8221;rounded&#8221; size=&#8221;xl&#8221; align=&#8221;center&#8221; link=&#8221;title:Zaj%C4%99cia%20dodatkowe&#8221; custom_color=&#8221;#754400&#8243;][vc_column_text css=&#8221;&#8221;]<\/p>\n<h2 style=\"color: #444444;text-align: center\"><span style=\"color: #000000\"><a style=\"color: #000000\" href=\"https:\/\/przedszkole90.edu.wroclaw.pl\/index.php\/zajecia-dodatkowe-w-naszym-przedszkolu\/\">Zaj\u0119cia dodatkowe<\/a><\/span><\/h2>\n<p>[\/vc_column_text][\/vc_column_inner][\/vc_row_inner][vc_row_inner el_class=&#8221;#cshero-footer-top&#8221;][vc_column_inner width=&#8221;1\/3&#8243; animation=&#8221;fade-in&#8221; font_color=&#8221;#ffffff&#8221;][vc_icon icon_fontawesome=&#8221;fas fa-book&#8221; color=&#8221;custom&#8221; background_style=&#8221;rounded&#8221; size=&#8221;xl&#8221; align=&#8221;center&#8221; link=&#8221;url:%2Fwp-content%2Fuploads%2Fsites%2F20%2F2017%2F09%2FPodstawa-programowa-wychowania-przedszkolnego-dla-przedszkoli.pdf|title:Podstawa%20programowa%20wychowania%20przedszkolnego%20od%20wrze%C5%9Bnia%202017&#8243; custom_color=&#8221;#754400&#8243;][vc_column_text]<\/p>\n<h3 data-normal-size=\"15\"><a style=\"color: #444444\" href=\"\/wp-content\/uploads\/sites\/20\/2017\/09\/Podstawa-programowa-wychowania-przedszkolnego-dla-przedszkoli.pdf\">Podstawa programowa wychowania przedszkolnego od wrze\u015bnia 2017<\/a><\/h3>\n<p>[\/vc_column_text][\/vc_column_inner][vc_column_inner width=&#8221;1\/3&#8243; animation=&#8221;fade-in&#8221;][vc_icon icon_fontawesome=&#8221;fas fa-folder-open&#8221; color=&#8221;custom&#8221; background_style=&#8221;rounded&#8221; size=&#8221;xl&#8221; align=&#8221;center&#8221; link=&#8221;url:https%3A%2F%2Fprzedszkole90wroclaw.bip.gov.pl%2F|title:BIP&#8221; custom_color=&#8221;#754400&#8243;][vc_column_text]<\/p>\n<h2 style=\"text-align: center\"><a style=\"color: #444444\" href=\"https:\/\/przedszkole90wroclaw.bip.gov.pl\/\">BIP<\/a><\/h2>\n<p>[\/vc_column_text][\/vc_column_inner][vc_column_inner width=&#8221;1\/3&#8243; animation=&#8221;fade-in&#8221;][vc_icon icon_fontawesome=&#8221;fas fa-lock&#8221; color=&#8221;custom&#8221; background_style=&#8221;rounded&#8221; size=&#8221;xl&#8221; align=&#8221;center&#8221; link=&#8221;url:https%3A%2F%2Fdrive.google.com%2Fdrive%2Fu%2F1%2Ffolders%2F1Ny94_zJMyUIkGCyG6r94Zjd1wrmBYDjY|title:RODO&#8221; custom_color=&#8221;#754400&#8243;][vc_column_text]<\/p>\n<h2 style=\"text-align: center\"><a style=\"color: #444444\" href=\"https:\/\/drive.google.com\/drive\/u\/1\/folders\/1Ny94_zJMyUIkGCyG6r94Zjd1wrmBYDjY\">RODO<\/a><\/h2>\n<p>[\/vc_column_text][\/vc_column_inner][\/vc_row_inner][\/vc_column][\/vc_row][vc_column text_align=&#8221;center&#8221; offset=&#8221;vc_col-lg-6 vc_col-md-6 vc_col-xs-12&#8243;][vc_column_text]<br \/>\n[\/vc_column_text][\/vc_column][vc_column_text]<br \/>\n[\/vc_column_text]<\/p>\n<\/div>","protected":false},"excerpt":{"rendered":"<p>[vc_row][vc_column width=&#8221;1\/2&#8243;][vc_wp_text] Nasze przedszkole znajduje si\u0119 w dzielnicy Krzyki we Wroc\u0142awiu, przy zbiegu ulic Gajowickiej i Zaporoskiej. Mie\u015bci si\u0119 w parterowym, wolno stoj\u0105cym budynku otoczonym du\u017cym, zadrzewionym ogrodem \u2013 prawdziw\u0105 [&hellip;]<\/p>\n","protected":false},"author":7,"featured_media":0,"parent":0,"menu_order":0,"comment_status":"closed","ping_status":"closed","template":"","meta":{"footnotes":""},"class_list":["post-272","page","type-page","status-publish","hentry","clearfix"],"_links":{"self":[{"href":"https:\/\/przedszkole90.edu.wroclaw.pl\/index.php\/wp-json\/wp\/v2\/pages\/272","targetHints":{"allow":["GET"]}}],"collection":[{"href":"https:\/\/przedszkole90.edu.wroclaw.pl\/index.php\/wp-json\/wp\/v2\/pages"}],"about":[{"href":"https:\/\/przedszkole90.edu.wroclaw.pl\/index.php\/wp-json\/wp\/v2\/types\/page"}],"author":[{"embeddable":true,"href":"https:\/\/przedszkole90.edu.wroclaw.pl\/index.php\/wp-json\/wp\/v2\/users\/7"}],"replies":[{"embeddable":true,"href":"https:\/\/przedszkole90.edu.wroclaw.pl\/index.php\/wp-json\/wp\/v2\/comments?post=272"}],"version-history":[{"count":59,"href":"https:\/\/przedszkole90.edu.wroclaw.pl\/index.php\/wp-json\/wp\/v2\/pages\/272\/revisions"}],"predecessor-version":[{"id":4683,"href":"https:\/\/przedszkole90.edu.wroclaw.pl\/index.php\/wp-json\/wp\/v2\/pages\/272\/revisions\/4683"}],"wp:attachment":[{"href":"https:\/\/przedszkole90.edu.wroclaw.pl\/index.php\/wp-json\/wp\/v2\/media?parent=272"}],"curies":[{"name":"wp","href":"https:\/\/api.w.org\/{rel}","templated":true}]}}