
{"id":2982,"date":"2020-08-14T10:38:26","date_gmt":"2020-08-14T08:38:26","guid":{"rendered":"https:\/\/przedszkole90.edu.wroclaw.pl\/?page_id=2982"},"modified":"2026-01-14T12:58:10","modified_gmt":"2026-01-14T11:58:10","slug":"deklaracja-dostepnosci","status":"publish","type":"page","link":"https:\/\/przedszkole90.edu.wroclaw.pl\/index.php\/deklaracja-dostepnosci\/","title":{"rendered":"Deklaracja dost\u0119pno\u015bci"},"content":{"rendered":"<h1 id=\"a11y-deklaracja\">Deklaracja dost\u0119pno\u015bci Przedszkole Nr 90<\/h1>\n<p><strong>Data ostatniej aktualizacji: 30.03.2023r.<\/strong><\/p>\n<p>O\u015aWIADCZENIE W SPRAWIE DOST\u0118PNO\u015aCI SERWISU INTERNETOWEGO<\/p>\n<p>przedszkole90.edu.wroclaw.pl<\/p>\n<p>Przedszkole nr 90 im. L. Krzemienieckiej we Wroc\u0142awiu zobowi\u0105zuje si\u0119 zapewni\u0107 dost\u0119pno\u015b\u0107 swoich stron internetowych oraz aplikacji mobilnych zgodnie z Ustaw\u0105 z dnia 4 kwietnia 2019 r. o dost\u0119pno\u015bci cyfrowej stron internetowych i aplikacji mobilnych podmiot\u00f3w publicznych.<\/p>\n<p><strong>Status pod wzgl\u0119dem zgodno\u015bci:<\/strong><\/p>\n<p>Niniejsza strona internetowa jest w cz\u0119\u015bciowo zgodna z ustaw\u0105 z dnia 4 kwietnia 2019r. o dost\u0119pno\u015bci cyfrowej stron internetowych i aplikacji mobilnych podmiot\u00f3w publicznych z powodu niezgodno\u015bci lub wy\u0142\u0105cze\u0144 wymienionych<\/p>\n<p><strong>Tre\u015bci niedost\u0119pne:<\/strong><\/p>\n<p>Niekt\u00f3re dokumenty PDF nie s\u0105 poprawnie odczytywane przez programy dla os\u00f3b niewidz\u0105cych (obrazki, brak sekcji nawigacyjnych)<\/p>\n<p><strong>Wy\u0142\u0105czenia:<\/strong><\/p>\n<p>Pliki PDF, zdj\u0119cia i obrazki zosta\u0142y opublikowane przed wej\u015bciem w \u017cycie ustawy o dost\u0119pno\u015bci cyfrowej, modernizacja strony wi\u0105za\u0142a by si\u0119 z nadmiernym obci\u0105\u017ceniem dla podmiotu publicznego.<\/p>\n<p>Mapy s\u0105 wy\u0142\u0105czone z obowi\u0105zku zapewnienia dost\u0119pno\u015bci<\/p>\n<p><strong>Przygotowanie o\u015bwiadczenia w sprawie dost\u0119pno\u015bci:<\/strong><\/p>\n<p>Niniejsze o\u015bwiadczenie sporz\u0105dzono dnia 30.03.2023 r.<\/p>\n<p>O\u015bwiadczenie zosta\u0142o ostatnio poddane przegl\u0105dowi w dniu 27.03.2025 r.<\/p>\n<p><strong>Informacja o sposobie dokonania oceny:<\/strong><\/p>\n<p>Ocena zosta\u0142a przeprowadzona zgodnie z list\u0105 kontroln\u0105 WCAG na podstawie samooceny dokonanej przez organ sektora publicznego zgodnie z wytycznymi zawartymi w Podr\u0119czniku Dobrych Praktyk \u2013 WCAG Fundacji Widzialni, oraz narz\u0119dzia weryfikuj\u0105cego zawartego na stronie http:\/\/checkers.eiii.eu, w kt\u00f3rym po analizie uzyskano wynik pozytywny.<\/p>\n<p><strong>Skr\u00f3ty klawiszowe:<\/strong><\/p>\n<p>Domy\u015blne skr\u00f3ty klawiszowe przegl\u0105darek internetowych.<\/p>\n<p><strong>Dost\u0119pno\u015b\u0107 architektoniczna siedziby:<\/strong><\/p>\n<p>Siedziba Przedszkola nr 90 im. L. Krzemienieckiej we Wroc\u0142awiu mieszcz\u0105ca si\u0119 przy ulicy Zaporoskiej 51 we Wroc\u0142awiu jest cz\u0119\u015bciowo przystosowana dla os\u00f3b niepe\u0142nosprawnych.<\/p>\n<p>Wej\u015bcie do przedszkola przez bramk\u0119 od strony ul. Zaporoskiej. Do drzwi przedszkola prowadz\u0105 schody oraz podjazd dla w\u00f3zk\u00f3w. Wej\u015bcie g\u0142\u00f3wne do przedszkola prowadzi przez drzwi. Po lewej stronie drzwi, nad klawiatur\u0105 numeryczn\u0105, znajduje si\u0119 domofon na wysoko\u015bci dostosowanej do os\u00f3b z niepe\u0142nosprawno\u015bci\u0105.<\/p>\n<p>Budynek jednokondygnacyjny bez windy z podjazdem dla os\u00f3b z niepe\u0142nosprawno\u015bciami. Brak miejsc parkingowych dla os\u00f3b z niepe\u0142nosprawno\u015bciami.<\/p>\n<p>Do przedszkola mo\u017cliwe jest doj\u015bcie piesze (przeszkody p\u0142ot, bramka) oraz dojazd samochodem. Miejsca parkingowe wzd\u0142u\u017c ulicy. Najbli\u017csze przystanki autobusowe 126, 137, 144.<\/p>\n<p><strong>Dost\u0119pno\u015b\u0107 t\u0142umacza j\u0119zyka migowego:<\/strong><\/p>\n<p>Brak t\u0142umacza j\u0119zyka migowego<\/p>\n<p><strong>Informacje zwrotne i dane kontaktowe<\/strong><\/p>\n<p>Przedszkole nr 90 dok\u0142ada wszelkich stara\u0144, aby u\u017cytkownicy serwisu internetowego https:\/\/przedszkole90.edu.wroclaw.pl\/ mieli pe\u0142ny dost\u0119p do jego tre\u015bci, mogli te tre\u015bci zrozumie\u0107 oraz aby wygodna nawigacja umo\u017cliwia\u0142a logiczne i intuicyjne korzystanie z serwisu. Staramy si\u0119 na bie\u017c\u0105co usuwa\u0107 stwierdzone bariery dost\u0119pno\u015bci strony internetowej<\/p>\n<p>Data publikacji witryny: 30.03.2023r.<\/p>\n<p>Data ostatniej aktualizacji: 30.03.2023r.<\/p>\n<p id=\"a11y-wstep\"><span id=\"a11y-podmiot\">Przedszkole Nr 90 im. L. Krzemienieckiej we Wroc\u0142awiu<\/span> zobowi\u0105zuje si\u0119 zapewni\u0107 dost\u0119pno\u015b\u0107 swojej strony internetowej zgodnie z przepisami ustawy z dnia 4\u00a0kwietnia 2019\u00a0r. o\u00a0dost\u0119pno\u015bci cyfrowej stron internetowych i\u00a0aplikacji mobilnych podmiot\u00f3w publicznych. O\u015bwiadczenie w sprawie dost\u0119pno\u015bci ma zastosowanie do strony internetowej <a id=\"a11y-url\" href=\"http:\/\/przedszkole90.edu.wroclaw.pl\"><span style=\"text-decoration: underline;\">Przedszkole Nr 90<\/span><\/a>.<\/p>\n<ul>\n<li>Data publikacji strony internetowej: 2016-05-04<\/li>\n<li>Data ostatniej istotnej aktualizacji: 2020-09-07<\/li>\n<\/ul>\n<h2>Status pod wzgl\u0119dem zgodno\u015bci z ustaw\u0105<\/h2>\n<p>Strona internetowa jest <strong id=\"a11y-status\">zgodna<\/strong> z\u00a0ustaw\u0105 o\u00a0dost\u0119pno\u015bci cyfrowej stron internetowych i\u00a0aplikacji mobilnych podmiot\u00f3w publicznych.<\/p>\n<h3>Przygotowanie deklaracji w sprawie dost\u0119pno\u015bci<\/h3>\n<ul>\n<li>Deklaracj\u0119 sporz\u0105dzono dnia: 2020-08-14<\/li>\n<li>Deklaracj\u0119 zosta\u0142a ostatnio poddana przegl\u0105dowi i aktualizacji dnia: 2020-10-30<\/li>\n<\/ul>\n<p>Deklaracj\u0119 sporz\u0105dzono na podstawie samooceny.<\/p>\n<h2 id=\"a11y-kontakt\">Informacje zwrotne i dane kontaktowe<\/h2>\n<ul>\n<li>Za rozpatrywanie uwag i wniosk\u00f3w odpowiada: <span id=\"a11y-osoba\">Beata Bernaciak<\/span>.<\/li>\n<li>E-mail:\u00a0sekretariat.p090@wroclawskaedukacja.pl<\/li>\n<li>Telefon: <span id=\"a11y-telefon\">71 798 68 20<br \/>\n<\/span><\/li>\n<\/ul>\n<p id=\"a11y-procedura\">Ka\u017cdy ma prawo:<\/p>\n<ul>\n<li>zg\u0142osi\u0107 uwagi dotycz\u0105ce dost\u0119pno\u015bci cyfrowej strony lub jej elementu,<\/li>\n<li>zg\u0142osi\u0107 \u017c\u0105danie zapewnienia dost\u0119pno\u015bci cyfrowej strony lub jej elementu,<\/li>\n<li>wnioskowa\u0107 o udost\u0119pnienie niedost\u0119pnej informacji w innej alternatywnej formie.<\/li>\n<\/ul>\n<p>\u017b\u0105danie musi zawiera\u0107:<\/p>\n<ul>\n<li>dane kontaktowe osoby zg\u0142aszaj\u0105cej,<\/li>\n<li>wskazanie strony lub elementu strony, kt\u00f3rej dotyczy \u017c\u0105danie,<\/li>\n<li>wskazanie dogodnej formy udost\u0119pnienia informacji, je\u015bli \u017c\u0105danie dotyczy udost\u0119pnienia w formie alternatywnej informacji niedost\u0119pnej.<\/li>\n<\/ul>\n<p>Rozpatrzenie zg\u0142oszenia powinno nast\u0105pi\u0107 niezw\u0142ocznie, najp\u00f3\u017aniej w ci\u0105gu 7 dni. Je\u015bli w tym terminie zapewnienie dost\u0119pno\u015bci albo zapewnienie dost\u0119pu w alternatywnej formie nie jest mo\u017cliwe, powinno nast\u0105pi\u0107 najdalej w ci\u0105gu 2 miesi\u0119cy od daty zg\u0142oszenia.<\/p>\n<h3>Skargi i odwo\u0142ania<\/h3>\n<p>Na niedotrzymanie tych termin\u00f3w oraz na odmow\u0119 realizacji \u017c\u0105dania mo\u017cna z\u0142o\u017cy\u0107 skarg\u0119 do organu nadzoruj\u0105cego poczt\u0105 lub drog\u0105 elektroniczn\u0105 na adres:<\/p>\n<ul>\n<li>Organ nadzoruj\u0105cy: Dyrektor Przedszkola nr 90 im. L. Krzemienieckiej we Wroc\u0142awiu<\/li>\n<li>Adres: ul. Zaporoska 51<br \/>\n53-023 Wroc\u0142aw<\/li>\n<li>E-mail: sekretariat.p090@wroclawskaedukacja.pl<\/li>\n<li>Telefon: 71 798 68 20<\/li>\n<\/ul>\n<p>Skarg\u0119 mo\u017cna z\u0142o\u017cy\u0107 r\u00f3wnie\u017c do <a href=\"https:\/\/www.rpo.gov.pl\/content\/jak-zglosic-sie-do-rzecznika-praw-obywatelskich\">Rzecznika Praw Obywatelskich<\/a>.<\/p>\n<h2 id=\"a11y-architektura\">Dost\u0119pno\u015b\u0107 architektoniczna<\/h2>\n<p>Siedziba Przedszkola nr 90 we Wroc\u0142awiu mieszcz\u0105ca si\u0119 przy ulicy Zaporoskiej 51 we Wroc\u0142awiu nie jest<br \/>\nprzystosowana dla os\u00f3b niepe\u0142nosprawnych.<br \/>\nDo budynku prowadzi 1 wej\u015bcie od ul. Zaporoskiej Do wej\u015bcia prowadz\u0105 schody. Nie ma podjazdu dla w\u00f3zk\u00f3w.<br \/>\nPrzy wej\u015bciu nie ma systemu naprowadzaj\u0105cego d\u017awi\u0119kowo osoby niewidome i s\u0142abowidz\u0105ce. W budynku nie ma windy.<br \/>\nNie ma toalety dla os\u00f3b niepe\u0142nosprawnych..<br \/>\nNie ma wyznaczonego parkingu przy przedszkolu, auta zatrzymuj\u0105 si\u0119 wzd\u0142u\u017c ulicy. Nie ma wyznaczonych miejsc parkingowych dla os\u00f3b<br \/>\nniepe\u0142nosprawnych.<br \/>\nDo budynku i wszystkich jego pomieszcze\u0144 mo\u017cna wej\u015b\u0107 z psem asystuj\u0105cym i psem przewodnikiem.<br \/>\nW przedszkolu nie ma p\u0119tli indukcyjnych.<br \/>\nW budynku nie ma oznacze\u0144 w alfabecie brajla ani oznacze\u0144 kontrastowych lub w druku powi\u0119kszonym dla os\u00f3b niewidomych i s\u0142abowidz\u0105cych.<br \/>\nNie ma dost\u0119pno\u015bci t\u0142umacza j\u0119zyka migowego.<\/p>\n<h3>Udogodnienia<\/h3>\n<ul>\n<li>Domy\u015ble skr\u00f3ty klawiszowe przegl\u0105darek internetowych<\/li>\n<li>Prze\u0142\u0105cznik kontrastowy<\/li>\n<\/ul>\n<p><a href=\"https:\/\/przedszkole90.edu.wroclaw.pl\/wp-content\/uploads\/sites\/20\/2021\/03\/Raport-o-stanie-zapewnienia-dostepnosci-podmiotu-publicznego.pdf\">Raport o stanie zapewnienia dost\u0119pno\u015bci podmiotu publicznego<\/a><\/p>\n","protected":false},"excerpt":{"rendered":"<p>Deklaracja dost\u0119pno\u015bci Przedszkole Nr 90 Data ostatniej aktualizacji: 30.03.2023r. O\u015aWIADCZENIE W SPRAWIE DOST\u0118PNO\u015aCI SERWISU INTERNETOWEGO przedszkole90.edu.wroclaw.pl Przedszkole nr 90 im. L. Krzemienieckiej we Wroc\u0142awiu zobowi\u0105zuje si\u0119 zapewni\u0107 dost\u0119pno\u015b\u0107 swoich stron [&hellip;]<\/p>\n","protected":false},"author":33,"featured_media":0,"parent":0,"menu_order":0,"comment_status":"closed","ping_status":"closed","template":"","meta":{"footnotes":""},"class_list":["post-2982","page","type-page","status-publish","hentry","clearfix"],"_links":{"self":[{"href":"https:\/\/przedszkole90.edu.wroclaw.pl\/index.php\/wp-json\/wp\/v2\/pages\/2982","targetHints":{"allow":["GET"]}}],"collection":[{"href":"https:\/\/przedszkole90.edu.wroclaw.pl\/index.php\/wp-json\/wp\/v2\/pages"}],"about":[{"href":"https:\/\/przedszkole90.edu.wroclaw.pl\/index.php\/wp-json\/wp\/v2\/types\/page"}],"author":[{"embeddable":true,"href":"https:\/\/przedszkole90.edu.wroclaw.pl\/index.php\/wp-json\/wp\/v2\/users\/33"}],"replies":[{"embeddable":true,"href":"https:\/\/przedszkole90.edu.wroclaw.pl\/index.php\/wp-json\/wp\/v2\/comments?post=2982"}],"version-history":[{"count":11,"href":"https:\/\/przedszkole90.edu.wroclaw.pl\/index.php\/wp-json\/wp\/v2\/pages\/2982\/revisions"}],"predecessor-version":[{"id":4578,"href":"https:\/\/przedszkole90.edu.wroclaw.pl\/index.php\/wp-json\/wp\/v2\/pages\/2982\/revisions\/4578"}],"wp:attachment":[{"href":"https:\/\/przedszkole90.edu.wroclaw.pl\/index.php\/wp-json\/wp\/v2\/media?parent=2982"}],"curies":[{"name":"wp","href":"https:\/\/api.w.org\/{rel}","templated":true}]}}