
{"id":3851,"date":"2022-11-04T08:41:07","date_gmt":"2022-11-04T07:41:07","guid":{"rendered":"https:\/\/przedszkole90.edu.wroclaw.pl\/?page_id=3851"},"modified":"2026-05-05T14:56:54","modified_gmt":"2026-05-05T12:56:54","slug":"jadlospis","status":"publish","type":"page","link":"https:\/\/przedszkole90.edu.wroclaw.pl\/index.php\/jadlospis\/","title":{"rendered":"Posi\u0142ki"},"content":{"rendered":"<div class=\"wpb-content-wrapper\"><p>[vc_row css_animation=&#8221;zoomIn&#8221;][vc_column][vc_column_text css=&#8221;&#8221;]<\/p>\n<h2 style=\"text-align: center\"><span style=\"font-size: 28px\"><strong>\u00a0Jad\u0142ospis 04.05.2026- 08.05.2026r<\/strong><\/span><\/h2>\n<p style=\"text-align: center\">Jad\u0142ospis mo\u017ce ulec zmianie.<\/p>\n<p style=\"text-align: center\"><strong>ALERGENY OZNACZONE S\u0104 POGRUBION\u0104 CZCIONK\u0104.<\/strong><\/p>\n<p style=\"text-align: center\">Do przygotowania posi\u0142k\u00f3w wykorzystujemy r\u00f3wnie\u017c produkty gotowe, w zwi\u0105zku z tym w potrawach mog\u0105 si\u0119 znale\u017a\u0107 takie alergeny jak: seler i<br \/>\nprodukty pochodne, gorczyca i produkty pochodne, nasiona sezamu i produkty pochodne, soja, dwutlenek siarki i siarczyny, \u0142ubin i produkty pochodne, orzechy lub orzeszki ziemne.<\/p>\n<p style=\"text-align: center\">Do przygotowywania potraw na ciep\u0142o u\u017cywamy oleju rzepakowego, do sur\u00f3wek i sa\u0142atek oleje nierafinowane np. oliwa z oliwek, olej rzepakowy, olej lniany.<\/p>\n<p>[\/vc_column_text][\/vc_column][\/vc_row][vc_row css_animation=&#8221;none&#8221;][vc_column width=&#8221;1\/5&#8243;][vc_tta_tabs section_title_tag=&#8221;h2&#8243; style=&#8221;flat&#8221; color=&#8221;violet&#8221; gap=&#8221;5&#8243; active_section=&#8221;1&#8243; css_animation=&#8221;none&#8221;][vc_tta_section tab_id=&#8221;1620819976099-e2669216-f6fa&#8221; title=&#8221;Poniedzia\u0142ek&#8221;][vc_column_text css=&#8221;&#8221;]<\/p>\n<h3 style=\"text-align: center\">04.05.2026<\/h3>\n<h3>I \u015aniadanie<\/h3>\n<ul>\n<li>Zupa mleczna z p\u0142atkami kukurydzianymi <strong>(mleko)<\/strong>.<\/li>\n<li>Chleb pszenno-\u017cytni <strong>(gluten)<\/strong> (30g) z mas\u0142em <strong>(mleko)<\/strong> (5g),<\/li>\n<li>kie\u0142basa krakowska pieczona (20g),<\/li>\n<li>og\u00f3rek kiszony 15g),<\/li>\n<li>posypka z pra\u017conego <strong>sezamu,<\/strong><\/li>\n<li>herbata rumiankowa (200ml).<\/li>\n<\/ul>\n<h3>II \u015aniadanie<\/h3>\n<hr \/>\n<ul>\n<li>Serek homogenizowany z brzoskwiniami <strong>(mleko) <\/strong>80g (wyr\u00f3b w\u0142asny),<\/li>\n<li>pieczywo chrupkie <strong>(gluten, mleko)-<\/strong>1szt.<\/li>\n<\/ul>\n<h3>Obiad<\/h3>\n<hr \/>\n<ul>\n<li>Zupa krupnik (<strong>gluten, seler<\/strong>) (250g),<\/li>\n<li>kotlet serowo-drobiowy,<\/li>\n<li>ziemniaki,<\/li>\n<li>marchewka z groszkiem,<\/li>\n<li>sok porzeczkowy 100% (200ml).<\/li>\n<\/ul>\n<p>[\/vc_column_text][\/vc_tta_section][\/vc_tta_tabs][\/vc_column][vc_column width=&#8221;1\/5&#8243;][vc_tta_tabs section_title_tag=&#8221;h2&#8243; style=&#8221;flat&#8221; color=&#8221;orange&#8221; gap=&#8221;5&#8243; active_section=&#8221;1&#8243;][vc_tta_section title=&#8221;Wtorek&#8221; tab_id=&#8221;1620820362405-6c1f6f08-c487&#8243;][vc_column_text css=&#8221;&#8221;]<\/p>\n<h3 style=\"text-align: center\">05.05.2026<\/h3>\n<p><strong>\u00a0 \u00a0 \u00a0 \u00a0 \u00a0<\/strong><\/p>\n<h3>I \u015aniadanie<\/h3>\n<hr \/>\n<ul>\n<li>Chleb s\u0142onecznikowy <strong>(gluten) <\/strong>(30g) z mas\u0142em <strong>(mleko<\/strong>) (5g),<\/li>\n<li>par\u00f3wki z szynki (20g),<\/li>\n<li>papryka kolorowa (15g),<\/li>\n<li>szczypiorek (3g),<\/li>\n<li>og\u00f3rek zielony (15g),<\/li>\n<li>herbata malinowa (200ml).<\/li>\n<\/ul>\n<h3>II \u015aniadanie<\/h3>\n<hr \/>\n<ul>\n<li>Nutella z ciecierzycy <strong>(gluten)<\/strong><\/li>\n<li>Wafle ry\u017cowe ze s\u0142onecznikiem-2szt<\/li>\n<li>Herbata mi\u0119towa 200ml<b>.<\/b><\/li>\n<\/ul>\n<h3>Obiad<\/h3>\n<hr \/>\n<ul>\n<li>Zupa krem z cukinii z grzankami\u00a0 (250g) <strong>(seler mleko,),<\/strong><\/li>\n<li>makaron ze szpinakiem i kurczakiem z dodatkiem sosu \u015bmietanowego <strong>(mleko)<\/strong> (60g),<\/li>\n<li>kompot wieloowocowy (truskawka ,porzeczka , jab\u0142ka) (200ml).<\/li>\n<\/ul>\n<p>[\/vc_column_text][\/vc_tta_section][\/vc_tta_tabs][\/vc_column][vc_column width=&#8221;1\/5&#8243;][vc_tta_tabs section_title_tag=&#8221;h2&#8243; style=&#8221;flat&#8221; color=&#8221;juicy-pink&#8221; gap=&#8221;5&#8243; active_section=&#8221;1&#8243;][vc_tta_section title=&#8221;\u015aroda&#8221; tab_id=&#8221;1620820366060-901c3452-3829&#8243;][vc_column_text css=&#8221;&#8221;]<\/p>\n<h3 style=\"text-align: center\">06.05.2026<\/h3>\n<p>&nbsp;<\/p>\n<h3>I \u015aniadanie<\/h3>\n<hr \/>\n<p>&nbsp;<\/p>\n<ul>\n<li>P\u0142atki orkiszowe na mleku <strong>(mleko),<\/strong><\/li>\n<li>Pieczywo wieloziarniste <strong>(gluten) <\/strong>(30 g) z mas\u0142em <strong>(mleko) <\/strong>(5g)<strong>,<\/strong><\/li>\n<li>twaro\u017cek \u00a0(<strong>mleko)<\/strong> (20g),<\/li>\n<li>rzodkiewka,<\/li>\n<li>szczypiorek (3 g).<\/li>\n<li>Herbata z cytryn\u0105 i miodem (200\u00a0ml).<\/li>\n<\/ul>\n<h3>II \u015aniadanie<\/h3>\n<hr \/>\n<ul>\n<li>Talerzyk owocowy<br \/>\n(melon, jab\u0142ka, banan).<\/li>\n<\/ul>\n<h3>Obiad<\/h3>\n<hr \/>\n<ul>\n<li>Zupa pomidorowa z ry\u017cem \u00a0(<strong>seler mleko) <\/strong>(250ml),<\/li>\n<li>ziemniaki z koperkiem (130g),<\/li>\n<li>jajko sadzone (1szt),<\/li>\n<li>sa\u0142ata ze \u015bmietan\u0105 <strong>(mleko)<\/strong> (80g),<\/li>\n<li>sok jab\u0142ko-brzoskwinia (200ml).<\/li>\n<\/ul>\n<p>[\/vc_column_text][\/vc_tta_section][\/vc_tta_tabs][\/vc_column][vc_column width=&#8221;1\/5&#8243;][vc_tta_tabs section_title_tag=&#8221;h2&#8243; style=&#8221;flat&#8221; color=&#8221;sky&#8221; gap=&#8221;5&#8243; active_section=&#8221;1&#8243;][vc_tta_section title=&#8221;Czwartek&#8221; tab_id=&#8221;1620820372051-77fc86fa-5de9&#8243;][vc_column_text css=&#8221;&#8221;]<\/p>\n<h3 style=\"text-align: center\">07.05.2026<\/h3>\n<h3>I \u015aniadanie<\/h3>\n<ul>\n<li>Chleb pszenno-\u017cytni <strong>(gluten)<\/strong> (30g) z mas\u0142em <strong>(mleko)<\/strong> (5g),<\/li>\n<li>pol\u0119dwica sopocka(60g)<strong>,<\/strong><\/li>\n<li>pomidorki koktajlowe (15g),<\/li>\n<li>pestki s\u0142onecznika do pochrupania (4g),<\/li>\n<li>herbata mi\u0119towa (200ml).<\/li>\n<\/ul>\n<h3>II \u015aniadanie<\/h3>\n<hr \/>\n<ul>\n<li>Shake bananowo- truskawkowy <strong>(mleko)<\/strong> (150g)<\/li>\n<li>Biszkopty-2szt <strong>(gluten)<\/strong>.<\/li>\n<\/ul>\n<h3>Obiad<\/h3>\n<hr \/>\n<ul>\n<li>Zupa z fasolowa z ziemniakami <strong>(mleko gluten) <\/strong>(250ml),<\/li>\n<li>ry\u017c,<\/li>\n<li>ryba po grecku<strong> (jaja, ryba)<\/strong>(60g),<\/li>\n<li>sok jab\u0142kowy 100% (200ml).<\/li>\n<\/ul>\n<p>[\/vc_column_text][\/vc_tta_section][\/vc_tta_tabs][\/vc_column][vc_column width=&#8221;1\/5&#8243;][vc_tta_tabs section_title_tag=&#8221;h2&#8243; style=&#8221;flat&#8221; color=&#8221;green&#8221; gap=&#8221;5&#8243; active_section=&#8221;1&#8243;][vc_tta_section title=&#8221;Pi\u0105tek&#8221; tab_id=&#8221;1620820375684-b69cac07-f777&#8243;][vc_column_text css=&#8221;&#8221;]<\/p>\n<h3 style=\"text-align: center\">8.05.2026<\/h3>\n<p><strong>\u00a0 \u00a0 \u00a0 \u00a0 \u00a0 \u00a0 \u00a0 \u00a0 \u00a0 \u00a0 \u00a0 \u00a0 \u00a0 \u00a0 \u00a0 \u00a0 \u00a0 \u00a0 \u00a0 \u00a0 \u00a0 \u00a0 \u00a0 \u00a0 \u00a0 \u00a0 \u00a0 \u00a0 \u00a0 \u00a0 \u00a0 \u00a0 \u00a0 \u00a0 \u00a0 \u00a0 \u00a0 \u00a0 \u00a0 \u00a0 \u00a0 \u00a0 \u00a0 \u00a0 \u00a0 \u00a0 \u00a0 \u00a0 \u00a0 \u00a0 \u00a0 \u00a0 \u00a0 \u00a0 \u00a0 \u00a0 \u00a0 \u00a0 \u00a0 \u00a0 \u00a0 \u00a0\u00a0<\/strong><\/p>\n<h3>I \u015aniadanie<\/h3>\n<hr \/>\n<p>Szwedzki st\u00f3\u0142<\/p>\n<ul>\n<li>Pieczywo mieszane <strong>(gluten) <\/strong>z mas\u0142em (30g)<strong>(mleko)<\/strong><strong>\u00a0<\/strong>(5g),<\/li>\n<li>ser bia\u0142y<strong> (mleko) <\/strong>(15g),<\/li>\n<li>schab pieczony (15g),<\/li>\n<li>d\u017cem niskos\u0142odzony truskawkowy (15g),<\/li>\n<li>papryka (20g),<\/li>\n<li>szczypiorek\u00a0 (3g),<\/li>\n<li>herbata z cytryn\u0105 i miodem (200ml)<\/li>\n<\/ul>\n<h3>II \u015aniadanie<\/h3>\n<hr \/>\n<ul>\n<li>Bu\u0142ka razowa z mas\u0142em <strong>(mleko)<\/strong> i pomidorkami koktajlowymi,<\/li>\n<li>herbata malinowa (200ml)<\/li>\n<\/ul>\n<h3>Obiad<\/h3>\n<hr \/>\n<ul>\n<li>Zupa og\u00f3rkowa z ziemniakami <strong>(seler, gluten) <\/strong>(250ml),<\/li>\n<li>pampuchy na parze z polew\u0105 truskawkow\u0105,<\/li>\n<li>woda z cytryn\u0105 i mi\u0119t\u0105 (200ml),<\/li>\n<\/ul>\n<p>[\/vc_column_text][\/vc_tta_section][\/vc_tta_tabs][\/vc_column][\/vc_row]<\/p>\n<\/div>","protected":false},"excerpt":{"rendered":"<p>[vc_row css_animation=&#8221;zoomIn&#8221;][vc_column][vc_column_text css=&#8221;&#8221;] \u00a0Jad\u0142ospis 04.05.2026- 08.05.2026r Jad\u0142ospis mo\u017ce ulec zmianie. ALERGENY OZNACZONE S\u0104 POGRUBION\u0104 CZCIONK\u0104. Do przygotowania posi\u0142k\u00f3w wykorzystujemy r\u00f3wnie\u017c produkty gotowe, w zwi\u0105zku z tym w potrawach mog\u0105 si\u0119 [&hellip;]<\/p>\n","protected":false},"author":7,"featured_media":0,"parent":0,"menu_order":0,"comment_status":"closed","ping_status":"closed","template":"","meta":{"footnotes":""},"class_list":["post-3851","page","type-page","status-publish","hentry","clearfix"],"_links":{"self":[{"href":"https:\/\/przedszkole90.edu.wroclaw.pl\/index.php\/wp-json\/wp\/v2\/pages\/3851","targetHints":{"allow":["GET"]}}],"collection":[{"href":"https:\/\/przedszkole90.edu.wroclaw.pl\/index.php\/wp-json\/wp\/v2\/pages"}],"about":[{"href":"https:\/\/przedszkole90.edu.wroclaw.pl\/index.php\/wp-json\/wp\/v2\/types\/page"}],"author":[{"embeddable":true,"href":"https:\/\/przedszkole90.edu.wroclaw.pl\/index.php\/wp-json\/wp\/v2\/users\/7"}],"replies":[{"embeddable":true,"href":"https:\/\/przedszkole90.edu.wroclaw.pl\/index.php\/wp-json\/wp\/v2\/comments?post=3851"}],"version-history":[{"count":375,"href":"https:\/\/przedszkole90.edu.wroclaw.pl\/index.php\/wp-json\/wp\/v2\/pages\/3851\/revisions"}],"predecessor-version":[{"id":4610,"href":"https:\/\/przedszkole90.edu.wroclaw.pl\/index.php\/wp-json\/wp\/v2\/pages\/3851\/revisions\/4610"}],"wp:attachment":[{"href":"https:\/\/przedszkole90.edu.wroclaw.pl\/index.php\/wp-json\/wp\/v2\/media?parent=3851"}],"curies":[{"name":"wp","href":"https:\/\/api.w.org\/{rel}","templated":true}]}}